{"id":370,"date":"2024-07-16T21:29:41","date_gmt":"2024-07-16T21:29:41","guid":{"rendered":"https:\/\/greinmoconsultores.com.co\/?page_id=370"},"modified":"2024-09-03T22:40:27","modified_gmt":"2024-09-03T22:40:27","slug":"arriendo","status":"publish","type":"page","link":"https:\/\/greinmoconsultores.com.co\/?page_id=370","title":{"rendered":"Arriendo"},"content":{"rendered":"<style>.elementor-370 .elementor-element.elementor-element-23ca8b78 > .elementor-container{min-height:500px;}.elementor-370 .elementor-element.elementor-element-23ca8b78 > .elementor-container > .elementor-column > .elementor-widget-wrap{align-content:flex-start;align-items:flex-start;}.elementor-370 .elementor-element.elementor-element-23ca8b78:not(.elementor-motion-effects-element-type-background), .elementor-370 .elementor-element.elementor-element-23ca8b78 > .elementor-motion-effects-container > .elementor-motion-effects-layer{background-image:url(\"https:\/\/greinmoconsultores.com.co\/wp-content\/uploads\/2024\/03\/modern-house-interior-2021-12-09-14-05-07-utc.webp\");background-position:center center;background-size:cover;}.elementor-370 .elementor-element.elementor-element-23ca8b78 > .elementor-background-overlay{background-color:#000000;opacity:0.6;transition:background 0.3s, border-radius 0.3s, opacity 0.3s;}.elementor-370 .elementor-element.elementor-element-23ca8b78{transition:background 0.3s, border 0.3s, border-radius 0.3s, box-shadow 0.3s;margin-top:0px;margin-bottom:0px;padding:0px 0px 0px 0px;z-index:1;}.elementor-370 .elementor-element.elementor-element-7f48ed0 > .elementor-element-populated{margin:0px 0px 0px 0px;--e-column-margin-right:0px;--e-column-margin-left:0px;padding:0px 0px 0px 0px;}.elementor-370 .elementor-element.elementor-element-2f028813{margin-top:0%;margin-bottom:0%;padding:10% 0% 10% 0%;}.elementor-bc-flex-widget .elementor-370 .elementor-element.elementor-element-50e1a965.elementor-column .elementor-widget-wrap{align-items:center;}.elementor-370 .elementor-element.elementor-element-50e1a965.elementor-column.elementor-element[data-element_type=\"column\"] > .elementor-widget-wrap.elementor-element-populated{align-content:center;align-items:center;}.elementor-370 .elementor-element.elementor-element-50e1a965.elementor-column > .elementor-widget-wrap{justify-content:center;}.elementor-370 .elementor-element.elementor-element-2b770108{text-align:start;}.elementor-370 .elementor-element.elementor-element-2b770108 .elementor-heading-title{font-family:var( --e-global-typography-b6cf676-font-family ), Sans-serif;font-size:var( --e-global-typography-b6cf676-font-size );font-weight:var( --e-global-typography-b6cf676-font-weight );text-transform:var( --e-global-typography-b6cf676-text-transform );line-height:var( --e-global-typography-b6cf676-line-height );letter-spacing:var( --e-global-typography-b6cf676-letter-spacing );word-spacing:var( --e-global-typography-b6cf676-word-spacing );color:var( --e-global-color-e824321 );}.elementor-370 .elementor-element.elementor-element-2b770108 > .elementor-widget-container{margin:0px 0px 0px 0px;padding:0px 0px 0px 0px;}.elementor-370 .elementor-element.elementor-element-2b54b4ae{--divider-border-style:solid;--divider-color:var( --e-global-color-primary );--divider-border-width:3px;}.elementor-370 .elementor-element.elementor-element-2b54b4ae .elementor-divider-separator{width:10%;margin:0 auto;margin-left:0;}.elementor-370 .elementor-element.elementor-element-2b54b4ae .elementor-divider{text-align:left;padding-block-start:5px;padding-block-end:5px;}.elementor-370 .elementor-element.elementor-element-2b54b4ae > .elementor-widget-container{margin:0px 0px 0px 0px;padding:0px 0px 0px 0px;}.elementor-370 .elementor-element.elementor-element-2f28c91c{margin-top:0px;margin-bottom:-50px;padding:0px 0px 0px 0px;z-index:1;}.elementor-bc-flex-widget .elementor-370 .elementor-element.elementor-element-29373cb2.elementor-column .elementor-widget-wrap{align-items:center;}.elementor-370 .elementor-element.elementor-element-29373cb2.elementor-column.elementor-element[data-element_type=\"column\"] > .elementor-widget-wrap.elementor-element-populated{align-content:center;align-items:center;}.elementor-370 .elementor-element.elementor-element-29373cb2:not(.elementor-motion-effects-element-type-background) > .elementor-widget-wrap, .elementor-370 .elementor-element.elementor-element-29373cb2 > .elementor-widget-wrap > .elementor-motion-effects-container > .elementor-motion-effects-layer{background-color:var( --e-global-color-primary );}.elementor-370 .elementor-element.elementor-element-29373cb2 > .elementor-element-populated{transition:background 0.3s, border 0.3s, border-radius 0.3s, box-shadow 0.3s;padding:50px 80px 50px 50px;}.elementor-370 .elementor-element.elementor-element-29373cb2 > .elementor-element-populated > .elementor-background-overlay{transition:background 0.3s, border-radius 0.3s, opacity 0.3s;}.elementor-370 .elementor-element.elementor-element-796e2e63 .elementor-heading-title{font-family:\"Oswald\", Sans-serif;font-size:27px;font-weight:800;text-transform:uppercase;color:var( --e-global-color-text );}.elementor-370 .elementor-element.elementor-element-796e2e63 > .elementor-widget-container{margin:15px 15px 15px 15px;padding:0px 0px 0px 0px;}.elementor-370 .elementor-element.elementor-element-796e2e63{width:var( --container-widget-width, 106.364% );max-width:106.364%;--container-widget-width:106.364%;--container-widget-flex-grow:0;align-self:center;}.elementor-370 .elementor-element.elementor-element-6616f543{--divider-border-style:solid;--divider-color:var( --e-global-color-text );--divider-border-width:3px;}.elementor-370 .elementor-element.elementor-element-6616f543 .elementor-divider-separator{width:10%;margin:0 auto;margin-left:0;}.elementor-370 .elementor-element.elementor-element-6616f543 .elementor-divider{text-align:left;padding-block-start:5px;padding-block-end:5px;}.elementor-370 .elementor-element.elementor-element-6616f543 > .elementor-widget-container{margin:0px 0px 0px 0px;padding:0px 0px 0px 0px;}.elementor-370 .elementor-element.elementor-element-3a7cac2d{font-family:var( --e-global-typography-text-font-family ), Sans-serif;font-size:var( --e-global-typography-text-font-size );font-weight:var( --e-global-typography-text-font-weight );text-transform:var( --e-global-typography-text-text-transform );color:#000000;}.elementor-370 .elementor-element.elementor-element-3a7cac2d > .elementor-widget-container{margin:0px 0px 0px 0px;padding:0px 0px 0px 0px;}.elementor-370 .elementor-element.elementor-element-2df28ee5.elementor-column.jkit-sticky-element--enabled{position:sticky;height:fit-content;z-index:100;}.elementor-370 .elementor-element.elementor-element-2df28ee5.elementor-column.jkit-sticky-element--enabled.sticky-pinned.jkit-sticky-element-on--down{top:0px;}.elementor-370 .elementor-element.elementor-element-2df28ee5.elementor-column.jkit-sticky-element--enabled.sticky-pinned.jkit-sticky-element-on--both{top:0px;}#wpadminbar ~ .elementor-370 .elementor-element.elementor-element-2df28ee5.elementor-column.jkit-sticky-element--enabled.sticky-pinned.jkit-sticky-element-on--down, #wpadminbar ~ * .elementor-370 .elementor-element.elementor-element-2df28ee5.elementor-column.jkit-sticky-element--enabled.sticky-pinned.jkit-sticky-element-on--down{top:calc(0px + var(--wpadminbar-height, 0px));}#wpadminbar ~ .elementor-370 .elementor-element.elementor-element-2df28ee5.elementor-column.jkit-sticky-element--enabled.sticky-pinned.jkit-sticky-element-on--both, #wpadminbar ~ * .elementor-370 .elementor-element.elementor-element-2df28ee5.elementor-column.jkit-sticky-element--enabled.sticky-pinned.jkit-sticky-element-on--both{top:calc(0px + var(--wpadminbar-height, 0px));}.elementor-370 .elementor-element.elementor-element-75bcf728 img{height:500px;object-fit:cover;object-position:center center;}@media(max-width:1024px){.elementor-370 .elementor-element.elementor-element-23ca8b78 > .elementor-container{min-height:330px;}.elementor-370 .elementor-element.elementor-element-2b770108 .elementor-heading-title{font-size:var( --e-global-typography-b6cf676-font-size );line-height:var( --e-global-typography-b6cf676-line-height );letter-spacing:var( --e-global-typography-b6cf676-letter-spacing );word-spacing:var( --e-global-typography-b6cf676-word-spacing );}.elementor-370 .elementor-element.elementor-element-2f28c91c{margin-top:0px;margin-bottom:-50px;padding:50px 0px 0px 0px;}.elementor-370 .elementor-element.elementor-element-29373cb2 > .elementor-element-populated{margin:0px 0px 0px 0px;--e-column-margin-right:0px;--e-column-margin-left:0px;padding:50px 50px 50px 50px;}.elementor-370 .elementor-element.elementor-element-796e2e63 .elementor-heading-title{font-size:42px;}.elementor-370 .elementor-element.elementor-element-3a7cac2d{font-size:var( --e-global-typography-text-font-size );}}@media(max-width:767px){.elementor-370 .elementor-element.elementor-element-23ca8b78 > .elementor-container{min-height:350px;}.elementor-370 .elementor-element.elementor-element-2b770108{text-align:center;}.elementor-370 .elementor-element.elementor-element-2b770108 .elementor-heading-title{font-size:var( --e-global-typography-b6cf676-font-size );line-height:var( --e-global-typography-b6cf676-line-height );letter-spacing:var( --e-global-typography-b6cf676-letter-spacing );word-spacing:var( --e-global-typography-b6cf676-word-spacing );}.elementor-370 .elementor-element.elementor-element-2f28c91c{margin-top:0px;margin-bottom:0px;}.elementor-370 .elementor-element.elementor-element-29373cb2 > .elementor-element-populated{margin:0px 0px 0px 0px;--e-column-margin-right:0px;--e-column-margin-left:0px;padding:20px 20px 20px 20px;}.elementor-370 .elementor-element.elementor-element-796e2e63{text-align:center;}.elementor-370 .elementor-element.elementor-element-796e2e63 .elementor-heading-title{font-size:32px;}.elementor-370 .elementor-element.elementor-element-3a7cac2d{text-align:center;font-size:var( --e-global-typography-text-font-size );}}<\/style>\t\t<div data-elementor-type=\"wp-page\" data-elementor-id=\"370\" class=\"elementor elementor-370\" data-elementor-post-type=\"page\">\n\t\t\t\t\t\t<section data-particle_enable=\"false\" data-particle-mobile-disabled=\"false\" class=\"elementor-section elementor-top-section elementor-element elementor-element-23ca8b78 elementor-section-full_width elementor-section-height-min-height elementor-section-items-top elementor-section-content-top elementor-section-height-default\" data-id=\"23ca8b78\" data-element_type=\"section\" data-e-type=\"section\" data-settings=\"{&quot;background_background&quot;:&quot;classic&quot;}\">\n\t\t\t\t\t\t\t<div class=\"elementor-background-overlay\"><\/div>\n\t\t\t\t\t\t\t<div class=\"elementor-container elementor-column-gap-default\">\n\t\t\t\t\t<div class=\"elementor-column elementor-col-100 elementor-top-column elementor-element elementor-element-7f48ed0\" data-id=\"7f48ed0\" data-element_type=\"column\" data-e-type=\"column\">\n\t\t\t<div class=\"elementor-widget-wrap elementor-element-populated\">\n\t\t\t\t\t\t<section data-particle_enable=\"false\" data-particle-mobile-disabled=\"false\" class=\"elementor-section elementor-inner-section elementor-element elementor-element-2f028813 elementor-section-boxed elementor-section-height-default elementor-section-height-default\" data-id=\"2f028813\" data-element_type=\"section\" data-e-type=\"section\">\n\t\t\t\t\t\t<div class=\"elementor-container elementor-column-gap-default\">\n\t\t\t\t\t<div class=\"elementor-column elementor-col-100 elementor-inner-column elementor-element elementor-element-50e1a965\" data-id=\"50e1a965\" data-element_type=\"column\" data-e-type=\"column\">\n\t\t\t<div class=\"elementor-widget-wrap elementor-element-populated\">\n\t\t\t\t\t\t<div class=\"elementor-element elementor-element-2b770108 elementor-invisible elementor-widget elementor-widget-heading\" data-id=\"2b770108\" data-element_type=\"widget\" data-e-type=\"widget\" data-settings=\"{&quot;_animation&quot;:&quot;fadeInUp&quot;,&quot;_animation_delay&quot;:100}\" data-widget_type=\"heading.default\">\n\t\t\t\t<div class=\"elementor-widget-container\">\n\t\t\t\t\t<h2 class=\"elementor-heading-title elementor-size-default\">Arriendos<\/h2>\t\t\t\t<\/div>\n\t\t\t\t<\/div>\n\t\t\t\t<div class=\"elementor-element elementor-element-2b54b4ae elementor-widget-divider--view-line elementor-invisible elementor-widget elementor-widget-divider\" data-id=\"2b54b4ae\" data-element_type=\"widget\" data-e-type=\"widget\" data-settings=\"{&quot;_animation&quot;:&quot;fadeInUp&quot;,&quot;_animation_delay&quot;:200}\" data-widget_type=\"divider.default\">\n\t\t\t\t<div class=\"elementor-widget-container\">\n\t\t\t\t\t\t\t<div class=\"elementor-divider\">\n\t\t\t<span class=\"elementor-divider-separator\">\n\t\t\t\t\t\t<\/span>\n\t\t<\/div>\n\t\t\t\t\t\t<\/div>\n\t\t\t\t<\/div>\n\t\t\t\t\t<\/div>\n\t\t<\/div>\n\t\t\t\t\t<\/div>\n\t\t<\/section>\n\t\t\t\t\t<\/div>\n\t\t<\/div>\n\t\t\t\t\t<\/div>\n\t\t<\/section>\n\t\t\t\t<section data-particle_enable=\"false\" data-particle-mobile-disabled=\"false\" class=\"elementor-section elementor-top-section elementor-element elementor-element-2f28c91c elementor-section-height-min-height elementor-section-items-top elementor-section-boxed elementor-section-height-default\" data-id=\"2f28c91c\" data-element_type=\"section\" data-e-type=\"section\">\n\t\t\t\t\t\t<div class=\"elementor-container elementor-column-gap-no\">\n\t\t\t\t\t<div class=\"elementor-column elementor-col-50 elementor-top-column elementor-element elementor-element-29373cb2\" data-id=\"29373cb2\" data-element_type=\"column\" data-e-type=\"column\" data-settings=\"{&quot;background_background&quot;:&quot;classic&quot;}\">\n\t\t\t<div class=\"elementor-widget-wrap elementor-element-populated\">\n\t\t\t\t\t\t<div class=\"elementor-element elementor-element-796e2e63 elementor-widget__width-initial elementor-invisible elementor-widget elementor-widget-heading\" data-id=\"796e2e63\" data-element_type=\"widget\" data-e-type=\"widget\" data-settings=\"{&quot;_animation&quot;:&quot;fadeInUp&quot;,&quot;_animation_delay&quot;:100}\" data-widget_type=\"heading.default\">\n\t\t\t\t<div class=\"elementor-widget-container\">\n\t\t\t\t\t<h2 class=\"elementor-heading-title elementor-size-default\">Arrienda tu inmueble con tranquilidad y seguridad. En Greinmo Consultores, nos\nencargamos de todo para que tu inversi\u00f3n est\u00e9 protegida<\/h2>\t\t\t\t<\/div>\n\t\t\t\t<\/div>\n\t\t\t\t<div class=\"elementor-element elementor-element-6616f543 elementor-widget-divider--view-line elementor-invisible elementor-widget elementor-widget-divider\" data-id=\"6616f543\" data-element_type=\"widget\" data-e-type=\"widget\" data-settings=\"{&quot;_animation&quot;:&quot;fadeInUp&quot;,&quot;_animation_delay&quot;:200}\" data-widget_type=\"divider.default\">\n\t\t\t\t<div class=\"elementor-widget-container\">\n\t\t\t\t\t\t\t<div class=\"elementor-divider\">\n\t\t\t<span class=\"elementor-divider-separator\">\n\t\t\t\t\t\t<\/span>\n\t\t<\/div>\n\t\t\t\t\t\t<\/div>\n\t\t\t\t<\/div>\n\t\t\t\t<div class=\"elementor-element elementor-element-3a7cac2d elementor-invisible elementor-widget elementor-widget-text-editor\" data-id=\"3a7cac2d\" data-element_type=\"widget\" data-e-type=\"widget\" data-settings=\"{&quot;_animation&quot;:&quot;fadeInUp&quot;,&quot;_animation_delay&quot;:400}\" data-widget_type=\"text-editor.default\">\n\t\t\t\t<div class=\"elementor-widget-container\">\n\t\t\t\t\t\t\t\t\t<p>Ofrecemos dos opciones para que arriendes tu inmueble con nosotros:<br \/><strong>Comercializaci\u00f3n por Corretaje con P\u00f3liza de Arrendamiento.<\/strong><br \/>Costo: Un (01) canon de arrendamiento<br \/>Ofrecemos:<br \/>Publicidad sin costo durante la promoci\u00f3n del inmueble en los principales portales<br \/>inmobiliarios y en redes sociales.<\/p><p>Estudios de arrendamiento para tus inquilinos donde verificamos con nuestras aseguradoras aliadas la idoneidad financiera y el buen comportamiento de quienes habitaran tu propiedad.<\/p><p>Realizamos inventario escrito y fotogr\u00e1fico al momento de la entrega del inmueble al arrendatario.<\/p><p>Firma digital del contrato de arrendamiento para las partes Fotograf\u00edas y videos profesionales de tu inmueble.<\/p><p>Asesores especializados para la promoci\u00f3n de tu inmueble.<\/p><p>Atenci\u00f3n VIP a tus requerimientos.<br \/>Informaci\u00f3n constante de la gesti\u00f3n comercial de tu inmueble.<\/p><p>Ofrecemos p\u00f3liza de arrendamiento con nuestras Aseguradoras y Afianzadoras aliadas para<br \/>resguardar tu canon de arrendamiento, cuota de administraci\u00f3n, servicios p\u00fablicos, cl\u00e1usula penal y faltantes de inventario a la medida de tus necesidades.<\/p><p><strong>ARRIENDO POR ADMINISTRACION INMOBILIARIA:<\/strong><\/p><p>Protegemos tu inmueble con el respaldo de las mejores aseguradoras del pa\u00eds para<br \/>garantizar el pago oportuno de tu canon de arrendamiento, as\u00ed mismo ofrecemos las<br \/>coberturas adicionales para el mejor resguardo de tu inmueble. Gratis los Tres (3)<br \/>primeros meses de la p\u00f3liza de arrendamiento.<br \/>\u2756 Avalu\u00f3 comercial sin costo para conocer el valor de mercado de tu inmueble.<br \/>\u2756 Procesos administrativos totalmente digitales, seguros y con total comodidad.<br \/>\u2756 Realizamos rigurosos procesos de selecci\u00f3n de inquilinos para garantizar la<br \/>idoneidad y el buen comportamiento de quienes habitar\u00e1n tu propiedad.\u00bb<br \/>\u2756 Realizamos inventario escrito y fotogr\u00e1fico al momento de la entrega del inmueble al<br \/>arrendatario<br \/>\u2756 Publicidad sin costo durante la promoci\u00f3n del inmueble en los principales portales<br \/>inmobiliarios y en redes sociales.<br \/>\u2756 Fotograf\u00edas y videos profesionales de tu inmueble.<br \/>\u2756 Asesores especializados para la promoci\u00f3n de tu inmueble.<br \/>\u2756 Atenci\u00f3n VIP a tus requerimientos.<br \/>\u2756 Informaci\u00f3n constante de la gesti\u00f3n comercial de tu inmueble.<\/p><p><strong>REQUISITOS:<\/strong><\/p><p><strong>PERSONA NATURAL.<\/strong><br \/><strong>APLICA PARA INMUEBLES RESIDENCIALES Y COMERCIALES<\/strong><\/p><p>\u2022 Fotocopia c\u00e9dula del propietario legible.<br \/>\u2022 2. Ultimo recibo de impuesto predial.<br \/>\u2022 3. Certificado de actividad econ\u00f3mica (Rut).<br \/>\u2022 4. Cuenta de cobro de la administraci\u00f3n, en caso de ser propiedad horizontal.<br \/>\u2022 5. Copia de los \u00faltimos recibos de servicios p\u00fablicos.<br \/>\u2022 Firmar contrato de administraci\u00f3n y ficha de consignaci\u00f3n del inmueble<\/p><p><strong>PERSONA JURIDICA<\/strong><br \/><strong>APLICA PARA INMUEBLES RESIDENCIALES Y COMERCIALES<\/strong><\/p><p>C\u00e1mara de comercio no mayor a 30 d\u00edas.<br \/>\u2022 2. Certificado de actividad econ\u00f3mica de la empresa.<br \/>\u2022 3. Fotocopia c\u00e9dula del representante legal.<br \/>\u2022 4. Ultimo recibo de impuesto predial.<br \/>\u2022 5. Recibo o soporte de la administraci\u00f3n.<br \/>\u2022 6. \u00daltimos recibos p\u00fablicos.<br \/>\u2022 Firmar contrato de administraci\u00f3n y ficha de consignaci\u00f3n del inmueble<\/p><p>\u00a0<\/p>\t\t\t\t\t\t\t\t<\/div>\n\t\t\t\t<\/div>\n\t\t\t\t<div class=\"elementor-element elementor-element-2638674 elementor-widget elementor-widget-button\" data-id=\"2638674\" data-element_type=\"widget\" data-e-type=\"widget\" data-widget_type=\"button.default\">\n\t\t\t\t<div class=\"elementor-widget-container\">\n\t\t\t\t\t\t\t\t\t<div class=\"elementor-button-wrapper\">\n\t\t\t\t\t<a class=\"elementor-button elementor-button-link elementor-size-sm\" href=\"#\">\n\t\t\t\t\t\t<span class=\"elementor-button-content-wrapper\">\n\t\t\t\t\t\t\t\t\t<span class=\"elementor-button-text\">Haz clic aqu\u00ed<\/span>\n\t\t\t\t\t<\/span>\n\t\t\t\t\t<\/a>\n\t\t\t\t<\/div>\n\t\t\t\t\t\t\t\t<\/div>\n\t\t\t\t<\/div>\n\t\t\t\t\t<\/div>\n\t\t<\/div>\n\t\t\t\t<div class=\"elementor-column elementor-col-50 elementor-top-column elementor-element elementor-element-2df28ee5 jkit-sticky-element--enabled jkit-sticky-element-on--down jkit-sticky-position--sticky\" data-id=\"2df28ee5\" data-element_type=\"column\" data-e-type=\"column\" data-settings=\"{&quot;jkit_sticky_device&quot;:[&quot;desktop&quot;,&quot;tablet&quot;,&quot;mobile&quot;],&quot;jkit_sticky_top_position&quot;:{&quot;unit&quot;:&quot;px&quot;,&quot;size&quot;:0,&quot;sizes&quot;:[]}}\">\n\t\t\t<div class=\"elementor-widget-wrap elementor-element-populated\">\n\t\t\t\t\t\t<div class=\"elementor-element elementor-element-75bcf728 elementor-widget elementor-widget-image\" data-id=\"75bcf728\" data-element_type=\"widget\" data-e-type=\"widget\" data-widget_type=\"image.default\">\n\t\t\t\t<div class=\"elementor-widget-container\">\n\t\t\t\t\t\t\t\t\t\t\t\t\t\t\t<img fetchpriority=\"high\" decoding=\"async\" width=\"1024\" height=\"681\" src=\"https:\/\/greinmoconsultores.com.co\/wp-content\/uploads\/2024\/03\/young-business-man-working-at-home-with-laptop-and-2022-11-18-01-44-02-utc-1024x681.webp\" class=\"attachment-large size-large wp-image-23\" alt=\"\" srcset=\"https:\/\/greinmoconsultores.com.co\/wp-content\/uploads\/2024\/03\/young-business-man-working-at-home-with-laptop-and-2022-11-18-01-44-02-utc-1024x681.webp 1024w, https:\/\/greinmoconsultores.com.co\/wp-content\/uploads\/2024\/03\/young-business-man-working-at-home-with-laptop-and-2022-11-18-01-44-02-utc-600x399.webp 600w, https:\/\/greinmoconsultores.com.co\/wp-content\/uploads\/2024\/03\/young-business-man-working-at-home-with-laptop-and-2022-11-18-01-44-02-utc-300x200.webp 300w, https:\/\/greinmoconsultores.com.co\/wp-content\/uploads\/2024\/03\/young-business-man-working-at-home-with-laptop-and-2022-11-18-01-44-02-utc-768x511.webp 768w, https:\/\/greinmoconsultores.com.co\/wp-content\/uploads\/2024\/03\/young-business-man-working-at-home-with-laptop-and-2022-11-18-01-44-02-utc-1536x1022.webp 1536w, https:\/\/greinmoconsultores.com.co\/wp-content\/uploads\/2024\/03\/young-business-man-working-at-home-with-laptop-and-2022-11-18-01-44-02-utc.webp 1920w\" sizes=\"(max-width: 1024px) 100vw, 1024px\" \/>\t\t\t\t\t\t\t\t\t\t\t\t\t\t\t<\/div>\n\t\t\t\t<\/div>\n\t\t\t\t\t<\/div>\n\t\t<\/div>\n\t\t\t\t\t<\/div>\n\t\t<\/section>\n\t\t\t\t<\/div>\n\t\t","protected":false},"excerpt":{"rendered":"<p>Arriendos Arrienda tu inmueble con tranquilidad y seguridad. En Greinmo Consultores, nos encargamos de todo para que tu inversi\u00f3n est\u00e9 [&hellip;]<\/p>\n","protected":false},"author":1,"featured_media":0,"parent":0,"menu_order":0,"comment_status":"closed","ping_status":"closed","template":"elementor_header_footer","meta":{"site-sidebar-layout":"no-sidebar","site-content-layout":"","ast-site-content-layout":"full-width-container","site-content-style":"default","site-sidebar-style":"default","ast-global-header-display":"","ast-banner-title-visibility":"","ast-main-header-display":"","ast-hfb-above-header-display":"","ast-hfb-below-header-display":"","ast-hfb-mobile-header-display":"","site-post-title":"disabled","ast-breadcrumbs-content":"","ast-featured-img":"disabled","footer-sml-layout":"","theme-transparent-header-meta":"","adv-header-id-meta":"","stick-header-meta":"","header-above-stick-meta":"","header-main-stick-meta":"","header-below-stick-meta":"","astra-migrate-meta-layouts":"default","ast-page-background-enabled":"default","ast-page-background-meta":{"desktop":{"background-color":"var(--ast-global-color-4)","background-image":"","background-repeat":"repeat","background-position":"center center","background-size":"auto","background-attachment":"scroll","background-type":"","background-media":"","overlay-type":"","overlay-color":"","overlay-gradient":""},"tablet":{"background-color":"","background-image":"","background-repeat":"repeat","background-position":"center center","background-size":"auto","background-attachment":"scroll","background-type":"","background-media":"","overlay-type":"","overlay-color":"","overlay-gradient":""},"mobile":{"background-color":"","background-image":"","background-repeat":"repeat","background-position":"center center","background-size":"auto","background-attachment":"scroll","background-type":"","background-media":"","overlay-type":"","overlay-color":"","overlay-gradient":""}},"ast-content-background-meta":{"desktop":{"background-color":"var(--ast-global-color-5)","background-image":"","background-repeat":"repeat","background-position":"center center","background-size":"auto","background-attachment":"scroll","background-type":"","background-media":"","overlay-type":"","overlay-color":"","overlay-gradient":""},"tablet":{"background-color":"var(--ast-global-color-5)","background-image":"","background-repeat":"repeat","background-position":"center center","background-size":"auto","background-attachment":"scroll","background-type":"","background-media":"","overlay-type":"","overlay-color":"","overlay-gradient":""},"mobile":{"background-color":"var(--ast-global-color-5)","background-image":"","background-repeat":"repeat","background-position":"center center","background-size":"auto","background-attachment":"scroll","background-type":"","background-media":"","overlay-type":"","overlay-color":"","overlay-gradient":""}},"_joinchat":[],"footnotes":""},"class_list":["post-370","page","type-page","status-publish","hentry"],"_links":{"self":[{"href":"https:\/\/greinmoconsultores.com.co\/index.php?rest_route=\/wp\/v2\/pages\/370","targetHints":{"allow":["GET"]}}],"collection":[{"href":"https:\/\/greinmoconsultores.com.co\/index.php?rest_route=\/wp\/v2\/pages"}],"about":[{"href":"https:\/\/greinmoconsultores.com.co\/index.php?rest_route=\/wp\/v2\/types\/page"}],"author":[{"embeddable":true,"href":"https:\/\/greinmoconsultores.com.co\/index.php?rest_route=\/wp\/v2\/users\/1"}],"replies":[{"embeddable":true,"href":"https:\/\/greinmoconsultores.com.co\/index.php?rest_route=%2Fwp%2Fv2%2Fcomments&post=370"}],"version-history":[{"count":16,"href":"https:\/\/greinmoconsultores.com.co\/index.php?rest_route=\/wp\/v2\/pages\/370\/revisions"}],"predecessor-version":[{"id":742,"href":"https:\/\/greinmoconsultores.com.co\/index.php?rest_route=\/wp\/v2\/pages\/370\/revisions\/742"}],"wp:attachment":[{"href":"https:\/\/greinmoconsultores.com.co\/index.php?rest_route=%2Fwp%2Fv2%2Fmedia&parent=370"}],"curies":[{"name":"wp","href":"https:\/\/api.w.org\/{rel}","templated":true}]}}